{"id":2,"date":"2026-03-03T10:39:09","date_gmt":"2026-03-03T10:39:09","guid":{"rendered":"https:\/\/web3.studio4host.com:2083\/cwp_61ffc5a67ed3de51\/slavonik\/slavonik\/index.php?module=addons&#038;act=install\/?page_id=2"},"modified":"2026-03-15T08:52:55","modified_gmt":"2026-03-15T07:52:55","slug":"sample-page","status":"publish","type":"page","link":"https:\/\/slavonika.info\/?page_id=2","title":{"rendered":"Slavonika"},"content":{"rendered":"\n<p class=\"has-text-align-left\">     Dobrodo\u0161li na Slavoniku, prostor posve\u0107en analizi politike, dru\u0161tvenih zbivanja i stanja u zemlji i svijetu. <\/p>\n\n\n\n<p>     \u017divimo u eri u kojoj su informacije brze, ali \u010desto povr\u0161ne, napravljene radi &#8220;lajkova&#8221;, bez analize i argumenata. Slavonika je nastala iz potrebe da se zagrebe ispod povr\u0161ine dnevnih naslova. Naziv nosi miris tradicije i lokalnog identiteta, ali pogled koji pru\u017eam ovdje ne poznaje granice &#8211; od lokalnih politi\u010dkih previranja do globalnih geopoliti\u010dkih procesa i potresa a koji izravno utje\u010du na na\u0161u svakodnevnicu.<\/p>\n\n\n\n<p>     \u0160to mo\u017eete o\u010dekivati?<\/p>\n\n\n\n<p>     Ovdje ne\u0107ete prona\u0107i samo puko preno\u0161enje vijesti. Moj cilj je ponuditi slijede\u0107e:<\/p>\n\n\n\n<ul class=\"wp-block-list\">\n<li><strong>Analizu bez rukavica<\/strong> &#8211; kriti\u010dki osvrt na doma\u0107e i svjetske politi\u010dke elite.<\/li>\n\n\n\n<li><strong>Povezivanje to\u010dkica<\/strong> &#8211; Kako odluke donesene u svjetskim sredi\u0161tima mo\u0107i odjekuju u na\u0161im ulicama i domovima.<\/li>\n\n\n\n<li><strong>Raznolikost tema<\/strong> &#8211; iako je fokius na politici, stanje u dru\u0161tvu, kultura, sport i ekonomija neizostavni su dijelovi mozaika o kojem pi\u0161em. <\/li>\n<\/ul>\n\n\n\n<p>     Za\u0161to Slavonika?<\/p>\n\n\n\n<p>     Vjerujem da je danas va\u017enije nego ikada imati platformu koja se ne boji postaviti prava pitanja i ponuditi perspektivu koja se temelji na \u010dinjenicama, ali i jasnom stavu. Slavonika je glas onih koji \u017eele razumjeti za\u0161to se neke stvari doga\u0111aju, a ne samo \u0161to se dogodilo. <\/p>\n\n\n\n<p>     Hvala vam \u0161to ste tu, Pozivam vas da \u010ditate, komentirate i sudjelujete u argumentiranoj raspravi bez vrije\u0111anja i kori\u0161tenja ru\u017enih rije\u010di. <\/p>\n\n\n\n<p><\/p>\n","protected":false},"excerpt":{"rendered":"<p>Dobrodo\u0161li na Slavoniku, prostor posve\u0107en analizi politike, dru\u0161tvenih zbivanja i stanja u zemlji i svijetu. \u017divimo u eri u kojoj su informacije brze, ali \u010desto povr\u0161ne, napravljene radi &#8220;lajkova&#8221;, bez analize i argumenata. Slavonika je nastala iz potrebe da se zagrebe ispod povr\u0161ine dnevnih naslova. Naziv nosi miris tradicije i lokalnog identiteta, ali pogled koji [&hellip;]<\/p>\n","protected":false},"author":1,"featured_media":36,"parent":0,"menu_order":0,"comment_status":"closed","ping_status":"open","template":"","meta":{"footnotes":""},"class_list":["post-2","page","type-page","status-publish","has-post-thumbnail","hentry"],"_links":{"self":[{"href":"https:\/\/slavonika.info\/index.php?rest_route=\/wp\/v2\/pages\/2","targetHints":{"allow":["GET"]}}],"collection":[{"href":"https:\/\/slavonika.info\/index.php?rest_route=\/wp\/v2\/pages"}],"about":[{"href":"https:\/\/slavonika.info\/index.php?rest_route=\/wp\/v2\/types\/page"}],"author":[{"embeddable":true,"href":"https:\/\/slavonika.info\/index.php?rest_route=\/wp\/v2\/users\/1"}],"replies":[{"embeddable":true,"href":"https:\/\/slavonika.info\/index.php?rest_route=%2Fwp%2Fv2%2Fcomments&post=2"}],"version-history":[{"count":5,"href":"https:\/\/slavonika.info\/index.php?rest_route=\/wp\/v2\/pages\/2\/revisions"}],"predecessor-version":[{"id":73,"href":"https:\/\/slavonika.info\/index.php?rest_route=\/wp\/v2\/pages\/2\/revisions\/73"}],"wp:featuredmedia":[{"embeddable":true,"href":"https:\/\/slavonika.info\/index.php?rest_route=\/wp\/v2\/media\/36"}],"wp:attachment":[{"href":"https:\/\/slavonika.info\/index.php?rest_route=%2Fwp%2Fv2%2Fmedia&parent=2"}],"curies":[{"name":"wp","href":"https:\/\/api.w.org\/{rel}","templated":true}]}}